{"id":22,"date":"2023-07-09T11:45:26","date_gmt":"2023-07-09T11:45:26","guid":{"rendered":"https:\/\/corpsus.folkeliggjort.no\/?page_id=22"},"modified":"2023-07-09T13:19:40","modified_gmt":"2023-07-09T13:19:40","slug":"lei-oss","status":"publish","type":"page","link":"https:\/\/corpsus.folkeliggjort.no\/index.php\/lei-oss\/","title":{"rendered":"Lei oss"},"content":{"rendered":"\n<p><br>Lei oss&nbsp;til dine selskapligheter, bryllup, bursdager, markeringer og andre sm\u00e5 og store begivenheter for \u00e5 sikre god stemning, smil og hum\u00f8r! Ta <a href=\"https:\/\/corpsus.folkeliggjort.no\/index.php\/kontakt\/\" data-type=\"page\" data-id=\"25\">kontakt<\/a>!<\/p>\n\n\n\n<figure class=\"wp-block-image size-large\"><img loading=\"lazy\" decoding=\"async\" width=\"1024\" height=\"768\" src=\"https:\/\/corpsus.folkeliggjort.no\/wp-content\/uploads\/2023\/07\/PXL_20230602_162157845_Original-1-1024x768.jpg\" alt=\"\" class=\"wp-image-39\" srcset=\"https:\/\/corpsus.folkeliggjort.no\/wp-content\/uploads\/2023\/07\/PXL_20230602_162157845_Original-1-1024x768.jpg 1024w, https:\/\/corpsus.folkeliggjort.no\/wp-content\/uploads\/2023\/07\/PXL_20230602_162157845_Original-1-300x225.jpg 300w, https:\/\/corpsus.folkeliggjort.no\/wp-content\/uploads\/2023\/07\/PXL_20230602_162157845_Original-1-768x576.jpg 768w, https:\/\/corpsus.folkeliggjort.no\/wp-content\/uploads\/2023\/07\/PXL_20230602_162157845_Original-1-1536x1152.jpg 1536w, https:\/\/corpsus.folkeliggjort.no\/wp-content\/uploads\/2023\/07\/PXL_20230602_162157845_Original-1-2048x1536.jpg 2048w\" sizes=\"auto, (max-width: 1024px) 100vw, 1024px\" \/><\/figure>\n\n\n\n<p>Corpsus Juris p\u00e5tar seg hvert \u00e5r flere typer spille- og underholdningsoppdrag. Vi har muligheten til \u00e5 spille p\u00e5 en bred krets av ulike oppdrag slik som selskapligheter, bryllup, bursdager, og markeringer av alle slag. Vi kan tilpasse oss sm\u00e5 intime selskap som store begivenheter.<\/p>\n\n\n\n<p>\u00c5 skape god stemning er netopp v\u00e5rt form\u00e5l!&nbsp; Om det er som velkomstkommit\u00e9, musikkinnslag eller overraskelsesinnslag, pleier musikken og sangen v\u00e5r \u00e5 bidra til god stemning, mye smil og godt hum\u00f8r.<\/p>\n\n\n\n<p>Dersom det er \u00f8nskelig \u00e5 benytte oss, ta <a href=\"https:\/\/corpsus.folkeliggjort.no\/index.php\/kontakt\/\" data-type=\"page\" data-id=\"25\">kontakt<\/a> med et av styremedlemmene! (Se <a href=\"https:\/\/corpsus.folkeliggjort.no\/index.php\/kontakt\/\" data-type=\"page\" data-id=\"25\">kontakt<\/a>-siden!)<\/p>\n\n\n\n<figure class=\"wp-block-gallery has-nested-images columns-default is-cropped wp-block-gallery-1 is-layout-flex wp-block-gallery-is-layout-flex\">\n<figure class=\"wp-block-image size-large\"><img loading=\"lazy\" decoding=\"async\" width=\"1024\" height=\"768\" data-id=\"46\" src=\"https:\/\/corpsus.folkeliggjort.no\/wp-content\/uploads\/2023\/07\/329913429_724649239132031_674455664547969851_n-1024x768.jpg\" alt=\"\" class=\"wp-image-46\" srcset=\"https:\/\/corpsus.folkeliggjort.no\/wp-content\/uploads\/2023\/07\/329913429_724649239132031_674455664547969851_n-1024x768.jpg 1024w, https:\/\/corpsus.folkeliggjort.no\/wp-content\/uploads\/2023\/07\/329913429_724649239132031_674455664547969851_n-300x225.jpg 300w, https:\/\/corpsus.folkeliggjort.no\/wp-content\/uploads\/2023\/07\/329913429_724649239132031_674455664547969851_n-768x576.jpg 768w, https:\/\/corpsus.folkeliggjort.no\/wp-content\/uploads\/2023\/07\/329913429_724649239132031_674455664547969851_n-1536x1152.jpg 1536w, https:\/\/corpsus.folkeliggjort.no\/wp-content\/uploads\/2023\/07\/329913429_724649239132031_674455664547969851_n.jpg 2048w\" sizes=\"auto, (max-width: 1024px) 100vw, 1024px\" \/><figcaption class=\"wp-element-caption\">Kieler Umschlag<\/figcaption><\/figure>\n\n\n\n<figure class=\"wp-block-image size-large\"><img loading=\"lazy\" decoding=\"async\" width=\"1024\" height=\"576\" data-id=\"42\" src=\"https:\/\/corpsus.folkeliggjort.no\/wp-content\/uploads\/2023\/07\/IMG_5331-1024x576.jpg\" alt=\"\" class=\"wp-image-42\" srcset=\"https:\/\/corpsus.folkeliggjort.no\/wp-content\/uploads\/2023\/07\/IMG_5331-1024x576.jpg 1024w, https:\/\/corpsus.folkeliggjort.no\/wp-content\/uploads\/2023\/07\/IMG_5331-300x169.jpg 300w, https:\/\/corpsus.folkeliggjort.no\/wp-content\/uploads\/2023\/07\/IMG_5331-768x432.jpg 768w, https:\/\/corpsus.folkeliggjort.no\/wp-content\/uploads\/2023\/07\/IMG_5331-1536x864.jpg 1536w, https:\/\/corpsus.folkeliggjort.no\/wp-content\/uploads\/2023\/07\/IMG_5331.jpg 2048w\" sizes=\"auto, (max-width: 1024px) 100vw, 1024px\" \/><figcaption class=\"wp-element-caption\">Impromptu p\u00e5 Karl Johan<\/figcaption><\/figure>\n\n\n\n<figure class=\"wp-block-image size-large\"><img loading=\"lazy\" decoding=\"async\" width=\"604\" height=\"453\" data-id=\"43\" src=\"https:\/\/corpsus.folkeliggjort.no\/wp-content\/uploads\/2023\/07\/288_41677080093_6676_n.jpg\" alt=\"\" class=\"wp-image-43\" srcset=\"https:\/\/corpsus.folkeliggjort.no\/wp-content\/uploads\/2023\/07\/288_41677080093_6676_n.jpg 604w, https:\/\/corpsus.folkeliggjort.no\/wp-content\/uploads\/2023\/07\/288_41677080093_6676_n-300x225.jpg 300w\" sizes=\"auto, (max-width: 604px) 100vw, 604px\" \/><figcaption class=\"wp-element-caption\">17. Mai<\/figcaption><\/figure>\n\n\n\n<figure class=\"wp-block-image size-large\"><img loading=\"lazy\" decoding=\"async\" width=\"1024\" height=\"768\" data-id=\"39\" src=\"https:\/\/corpsus.folkeliggjort.no\/wp-content\/uploads\/2023\/07\/PXL_20230602_162157845_Original-1-1024x768.jpg\" alt=\"\" class=\"wp-image-39\" srcset=\"https:\/\/corpsus.folkeliggjort.no\/wp-content\/uploads\/2023\/07\/PXL_20230602_162157845_Original-1-1024x768.jpg 1024w, https:\/\/corpsus.folkeliggjort.no\/wp-content\/uploads\/2023\/07\/PXL_20230602_162157845_Original-1-300x225.jpg 300w, https:\/\/corpsus.folkeliggjort.no\/wp-content\/uploads\/2023\/07\/PXL_20230602_162157845_Original-1-768x576.jpg 768w, https:\/\/corpsus.folkeliggjort.no\/wp-content\/uploads\/2023\/07\/PXL_20230602_162157845_Original-1-1536x1152.jpg 1536w, https:\/\/corpsus.folkeliggjort.no\/wp-content\/uploads\/2023\/07\/PXL_20230602_162157845_Original-1-2048x1536.jpg 2048w\" sizes=\"auto, (max-width: 1024px) 100vw, 1024px\" \/><figcaption class=\"wp-element-caption\">Jubileumsbursdag!<\/figcaption><\/figure>\n\n\n\n<figure class=\"wp-block-image size-large\"><img loading=\"lazy\" decoding=\"async\" width=\"480\" height=\"720\" data-id=\"44\" src=\"https:\/\/corpsus.folkeliggjort.no\/wp-content\/uploads\/2023\/07\/38668_10150227422215092_4984452_n.jpg\" alt=\"\" class=\"wp-image-44\" srcset=\"https:\/\/corpsus.folkeliggjort.no\/wp-content\/uploads\/2023\/07\/38668_10150227422215092_4984452_n.jpg 480w, https:\/\/corpsus.folkeliggjort.no\/wp-content\/uploads\/2023\/07\/38668_10150227422215092_4984452_n-200x300.jpg 200w\" sizes=\"auto, (max-width: 480px) 100vw, 480px\" \/><figcaption class=\"wp-element-caption\">Corpsus Juris i bryllup!<\/figcaption><\/figure>\n\n\n\n<figure class=\"wp-block-image size-large\"><img loading=\"lazy\" decoding=\"async\" width=\"822\" height=\"1024\" data-id=\"45\" src=\"https:\/\/corpsus.folkeliggjort.no\/wp-content\/uploads\/2023\/07\/IMG_0212-822x1024.jpg\" alt=\"\" class=\"wp-image-45\" srcset=\"https:\/\/corpsus.folkeliggjort.no\/wp-content\/uploads\/2023\/07\/IMG_0212-822x1024.jpg 822w, https:\/\/corpsus.folkeliggjort.no\/wp-content\/uploads\/2023\/07\/IMG_0212-241x300.jpg 241w, https:\/\/corpsus.folkeliggjort.no\/wp-content\/uploads\/2023\/07\/IMG_0212-768x957.jpg 768w, https:\/\/corpsus.folkeliggjort.no\/wp-content\/uploads\/2023\/07\/IMG_0212.jpg 828w\" sizes=\"auto, (max-width: 822px) 100vw, 822px\" \/><figcaption class=\"wp-element-caption\">Mer bryllup!<\/figcaption><\/figure>\n<\/figure>\n","protected":false},"excerpt":{"rendered":"<p>Lei oss&nbsp;til dine selskapligheter, bryllup, bursdager, markeringer og andre sm\u00e5 og store begivenheter for \u00e5 sikre god stemning, smil og hum\u00f8r! Ta kontakt! Corpsus Juris p\u00e5tar seg hvert \u00e5r flere typer spille- og underholdningsoppdrag. Vi har muligheten til \u00e5 spille p\u00e5 en bred krets av ulike oppdrag slik som selskapligheter, bryllup, bursdager, og markeringer av [&hellip;]<\/p>\n","protected":false},"author":1,"featured_media":0,"parent":0,"menu_order":0,"comment_status":"closed","ping_status":"closed","template":"","meta":{"footnotes":""},"class_list":["post-22","page","type-page","status-publish","hentry"],"_links":{"self":[{"href":"https:\/\/corpsus.folkeliggjort.no\/index.php\/wp-json\/wp\/v2\/pages\/22","targetHints":{"allow":["GET"]}}],"collection":[{"href":"https:\/\/corpsus.folkeliggjort.no\/index.php\/wp-json\/wp\/v2\/pages"}],"about":[{"href":"https:\/\/corpsus.folkeliggjort.no\/index.php\/wp-json\/wp\/v2\/types\/page"}],"author":[{"embeddable":true,"href":"https:\/\/corpsus.folkeliggjort.no\/index.php\/wp-json\/wp\/v2\/users\/1"}],"replies":[{"embeddable":true,"href":"https:\/\/corpsus.folkeliggjort.no\/index.php\/wp-json\/wp\/v2\/comments?post=22"}],"version-history":[{"count":3,"href":"https:\/\/corpsus.folkeliggjort.no\/index.php\/wp-json\/wp\/v2\/pages\/22\/revisions"}],"predecessor-version":[{"id":61,"href":"https:\/\/corpsus.folkeliggjort.no\/index.php\/wp-json\/wp\/v2\/pages\/22\/revisions\/61"}],"wp:attachment":[{"href":"https:\/\/corpsus.folkeliggjort.no\/index.php\/wp-json\/wp\/v2\/media?parent=22"}],"curies":[{"name":"wp","href":"https:\/\/api.w.org\/{rel}","templated":true}]}}