{"id":29,"date":"2023-07-09T11:48:53","date_gmt":"2023-07-09T11:48:53","guid":{"rendered":"https:\/\/corpsus.folkeliggjort.no\/?page_id=29"},"modified":"2023-07-09T13:21:20","modified_gmt":"2023-07-09T13:21:20","slug":"bli-med","status":"publish","type":"page","link":"https:\/\/corpsus.folkeliggjort.no\/index.php\/bli-med\/","title":{"rendered":"Bli med"},"content":{"rendered":"\n<figure class=\"wp-block-image size-large\"><img loading=\"lazy\" decoding=\"async\" width=\"1024\" height=\"554\" src=\"https:\/\/corpsus.folkeliggjort.no\/wp-content\/uploads\/2023\/07\/l1140095-1024x554.jpg\" alt=\"\" class=\"wp-image-38\" srcset=\"https:\/\/corpsus.folkeliggjort.no\/wp-content\/uploads\/2023\/07\/l1140095-1024x554.jpg 1024w, https:\/\/corpsus.folkeliggjort.no\/wp-content\/uploads\/2023\/07\/l1140095-300x162.jpg 300w, https:\/\/corpsus.folkeliggjort.no\/wp-content\/uploads\/2023\/07\/l1140095-768x416.jpg 768w, https:\/\/corpsus.folkeliggjort.no\/wp-content\/uploads\/2023\/07\/l1140095-1536x832.jpg 1536w, https:\/\/corpsus.folkeliggjort.no\/wp-content\/uploads\/2023\/07\/l1140095-2048x1109.jpg 2048w\" sizes=\"auto, (max-width: 1024px) 100vw, 1024px\" \/><\/figure>\n\n\n\n<p>Corpsus Juris ser stadig etter nye medlemmer! Er du jusstudent (eller student ved fakultetet eller universitetet, eller bare interessert i \u00e5 henge med oss) og spiller et instrument, eller har lyst til \u00e5 l\u00e6re deg \u00e5 spille et instrument, er du velkommen til oss!<br><\/p>\n\n\n\n<p>Vi \u00f8ver hver fredag fra kl. 17-19, og etterp\u00e5 er det fest. Vi tar ulike spilleoppdrag gjennom \u00e5ret, i alt fra bryllup og pride-paraden til firmafester og jubileer. P\u00e5 17. mai spiller vi for flere hundre mennesker p\u00e5 Universitetsplassen, og noen ganger dukker det opp en kanon.&nbsp;<\/p>\n\n\n\n<p>Foruten \u00f8velser og spilleoppdrag, har Corpsus ogs\u00e5 mange andre aktiviteter gjennom \u00e5ret. Vi har blant annet egen hytte i Nordmarka, reiser p\u00e5 utenlandsturer og setter sammen band og spiller coverl\u00e5ter fra ulike sjangre, ti\u00e5r eller mer eller mindre samfunnsaktuelle emner. Det sosiale samholdet i orkesteret er sterkt, p\u00e5 tvers av avdelinger og aldre. Det er ikke uvanlig at tidligere medlemmer stikker innom, for eksempel n\u00e5r vi har ball i starten av november hvert \u00e5r.&nbsp;<\/p>\n\n\n\n<p>Ta <a href=\"https:\/\/corpsus.folkeliggjort.no\/index.php\/kontakt\/\" data-type=\"page\" data-id=\"25\">kontakt<\/a> med et av v\u00e5re styremedlemmer hvis du har noen sp\u00f8rsm\u00e5l, eller kom innom p\u00e5 en \u00f8velse. Vi har en egen \u00e5pen \u00f8velse for alle som er nysgjerrige p\u00e5 oss i starten av hvert semester, men det er bare \u00e5 ta kontakt eller stikke innom p\u00e5 en \u00f8velse ogs\u00e5 utenom dette!&nbsp;Vi har instrumenter til utl\u00e5n!&nbsp;<\/p>\n\n\n\n<p><br>Bli med og finn ut av meningen bak slagordet &#8220;Fest skaper tillit!&#8221; &lt;3<\/p>\n\n\n\n<p>NB: Vi innser at det er i overkant av tillatt antall utropstegn p\u00e5 denne siden. Vi er veldig entusiastiske for \u00e5 verve nye medlemmer!! &lt;3 &lt;3<\/p>\n\n\n\n<h2 class=\"wp-block-heading\">Kom innom!<\/h2>\n\n\n\n<p>Lokalet v\u00e5rt &#8220;Music Hall&#8221; befinner seg i Kattestallen som ligger bak det juridiske bibliotek med inngang fra Fredriksgate.&nbsp;Addressen er Karl Johans gate 47. <\/p>\n\n\n\n<figure class=\"wp-block-image size-full\"><img loading=\"lazy\" decoding=\"async\" width=\"600\" height=\"404\" src=\"https:\/\/corpsus.folkeliggjort.no\/wp-content\/uploads\/2023\/07\/kart-svart-hvitt-5b1-5d.bmp.jpg\" alt=\"\" class=\"wp-image-49\" srcset=\"https:\/\/corpsus.folkeliggjort.no\/wp-content\/uploads\/2023\/07\/kart-svart-hvitt-5b1-5d.bmp.jpg 600w, https:\/\/corpsus.folkeliggjort.no\/wp-content\/uploads\/2023\/07\/kart-svart-hvitt-5b1-5d.bmp-300x202.jpg 300w\" sizes=\"auto, (max-width: 600px) 100vw, 600px\" \/><figcaption class=\"wp-element-caption\">Kart til lokalet v\u00e5rt &#8220;Music Hall&#8221;<\/figcaption><\/figure>\n","protected":false},"excerpt":{"rendered":"<p>Corpsus Juris ser stadig etter nye medlemmer! Er du jusstudent (eller student ved fakultetet eller universitetet, eller bare interessert i \u00e5 henge med oss) og spiller et instrument, eller har lyst til \u00e5 l\u00e6re deg \u00e5 spille et instrument, er du velkommen til oss! Vi \u00f8ver hver fredag fra kl. 17-19, og etterp\u00e5 er det [&hellip;]<\/p>\n","protected":false},"author":1,"featured_media":0,"parent":0,"menu_order":0,"comment_status":"closed","ping_status":"closed","template":"","meta":{"footnotes":""},"class_list":["post-29","page","type-page","status-publish","hentry"],"_links":{"self":[{"href":"https:\/\/corpsus.folkeliggjort.no\/index.php\/wp-json\/wp\/v2\/pages\/29","targetHints":{"allow":["GET"]}}],"collection":[{"href":"https:\/\/corpsus.folkeliggjort.no\/index.php\/wp-json\/wp\/v2\/pages"}],"about":[{"href":"https:\/\/corpsus.folkeliggjort.no\/index.php\/wp-json\/wp\/v2\/types\/page"}],"author":[{"embeddable":true,"href":"https:\/\/corpsus.folkeliggjort.no\/index.php\/wp-json\/wp\/v2\/users\/1"}],"replies":[{"embeddable":true,"href":"https:\/\/corpsus.folkeliggjort.no\/index.php\/wp-json\/wp\/v2\/comments?post=29"}],"version-history":[{"count":6,"href":"https:\/\/corpsus.folkeliggjort.no\/index.php\/wp-json\/wp\/v2\/pages\/29\/revisions"}],"predecessor-version":[{"id":62,"href":"https:\/\/corpsus.folkeliggjort.no\/index.php\/wp-json\/wp\/v2\/pages\/29\/revisions\/62"}],"wp:attachment":[{"href":"https:\/\/corpsus.folkeliggjort.no\/index.php\/wp-json\/wp\/v2\/media?parent=29"}],"curies":[{"name":"wp","href":"https:\/\/api.w.org\/{rel}","templated":true}]}}