{"id":5,"date":"2023-07-09T11:30:24","date_gmt":"2023-07-09T11:30:24","guid":{"rendered":"https:\/\/corpsus.folkeliggjort.no\/?page_id=5"},"modified":"2025-08-18T12:11:56","modified_gmt":"2025-08-18T12:11:56","slug":"corpsus-juris","status":"publish","type":"page","link":"https:\/\/corpsus.folkeliggjort.no\/","title":{"rendered":"Forside"},"content":{"rendered":"\n<blockquote class=\"wp-block-quote is-layout-flow wp-block-quote-is-layout-flow\">\n<p>I &#8217;63, ble et studentorkester dannet, ved v\u00e5rt fakultet, og Corpsus Juris det het. Rappa ra pa pa.<\/p>\n<cite>\u2013 Chattis<\/cite><\/blockquote>\n\n\n\n<figure class=\"wp-block-image size-large\"><img loading=\"lazy\" decoding=\"async\" width=\"1024\" height=\"768\" src=\"https:\/\/corpsus.folkeliggjort.no\/wp-content\/uploads\/2023\/07\/IMG_5983-1024x768.jpg\" alt=\"\" class=\"wp-image-35\" srcset=\"https:\/\/corpsus.folkeliggjort.no\/wp-content\/uploads\/2023\/07\/IMG_5983-1024x768.jpg 1024w, https:\/\/corpsus.folkeliggjort.no\/wp-content\/uploads\/2023\/07\/IMG_5983-300x225.jpg 300w, https:\/\/corpsus.folkeliggjort.no\/wp-content\/uploads\/2023\/07\/IMG_5983-768x576.jpg 768w, https:\/\/corpsus.folkeliggjort.no\/wp-content\/uploads\/2023\/07\/IMG_5983-1536x1152.jpg 1536w, https:\/\/corpsus.folkeliggjort.no\/wp-content\/uploads\/2023\/07\/IMG_5983-2048x1536.jpg 2048w\" sizes=\"auto, (max-width: 1024px) 100vw, 1024px\" \/><\/figure>\n\n\n\n<p>Corpsus Juris er studentorkesteret ved det Juridiske fakultet i Oslo.&nbsp;Orkesteret ble stiftet i 1963. Vi underholder oss selv og andre, i den rekkef\u00f8lgen.<\/p>\n\n\n\n<figure class=\"wp-block-video\"><video height=\"1080\" style=\"aspect-ratio: 1920 \/ 1080;\" width=\"1920\" controls loop src=\"https:\/\/corpsus.folkeliggjort.no\/wp-content\/uploads\/2023\/07\/IMG_7218.mov\" playsinline><\/video><\/figure>\n\n\n\n<p><a href=\"https:\/\/corpsus.folkeliggjort.no\/index.php\/lei-oss\/\" data-type=\"page\" data-id=\"22\">Lei oss<\/a> til dine selskapligheter, bryllup, bursdager, markeringer og andre sm\u00e5 og store begivenheter for \u00e5 sikre god stemning, smil og hum\u00f8r! <\/p>\n\n\n\n<figure class=\"wp-block-image size-large\"><img loading=\"lazy\" decoding=\"async\" width=\"1024\" height=\"768\" src=\"https:\/\/corpsus.folkeliggjort.no\/wp-content\/uploads\/2023\/07\/PXL_20230602_162157845_Original-1-1024x768.jpg\" alt=\"\" class=\"wp-image-39\" srcset=\"https:\/\/corpsus.folkeliggjort.no\/wp-content\/uploads\/2023\/07\/PXL_20230602_162157845_Original-1-1024x768.jpg 1024w, https:\/\/corpsus.folkeliggjort.no\/wp-content\/uploads\/2023\/07\/PXL_20230602_162157845_Original-1-300x225.jpg 300w, https:\/\/corpsus.folkeliggjort.no\/wp-content\/uploads\/2023\/07\/PXL_20230602_162157845_Original-1-768x576.jpg 768w, https:\/\/corpsus.folkeliggjort.no\/wp-content\/uploads\/2023\/07\/PXL_20230602_162157845_Original-1-1536x1152.jpg 1536w, https:\/\/corpsus.folkeliggjort.no\/wp-content\/uploads\/2023\/07\/PXL_20230602_162157845_Original-1-2048x1536.jpg 2048w\" sizes=\"auto, (max-width: 1024px) 100vw, 1024px\" \/><\/figure>\n","protected":false},"excerpt":{"rendered":"<p>I &#8217;63, ble et studentorkester dannet, ved v\u00e5rt fakultet, og Corpsus Juris det het. Rappa ra pa pa. \u2013 Chattis Corpsus Juris er studentorkesteret ved det Juridiske fakultet i Oslo.&nbsp;Orkesteret ble stiftet i 1963. Vi underholder oss selv og andre, i den rekkef\u00f8lgen. Lei oss til dine selskapligheter, bryllup, bursdager, markeringer og andre sm\u00e5 og [&hellip;]<\/p>\n","protected":false},"author":1,"featured_media":0,"parent":0,"menu_order":0,"comment_status":"closed","ping_status":"closed","template":"","meta":{"footnotes":""},"class_list":["post-5","page","type-page","status-publish","hentry"],"_links":{"self":[{"href":"https:\/\/corpsus.folkeliggjort.no\/index.php\/wp-json\/wp\/v2\/pages\/5","targetHints":{"allow":["GET"]}}],"collection":[{"href":"https:\/\/corpsus.folkeliggjort.no\/index.php\/wp-json\/wp\/v2\/pages"}],"about":[{"href":"https:\/\/corpsus.folkeliggjort.no\/index.php\/wp-json\/wp\/v2\/types\/page"}],"author":[{"embeddable":true,"href":"https:\/\/corpsus.folkeliggjort.no\/index.php\/wp-json\/wp\/v2\/users\/1"}],"replies":[{"embeddable":true,"href":"https:\/\/corpsus.folkeliggjort.no\/index.php\/wp-json\/wp\/v2\/comments?post=5"}],"version-history":[{"count":9,"href":"https:\/\/corpsus.folkeliggjort.no\/index.php\/wp-json\/wp\/v2\/pages\/5\/revisions"}],"predecessor-version":[{"id":82,"href":"https:\/\/corpsus.folkeliggjort.no\/index.php\/wp-json\/wp\/v2\/pages\/5\/revisions\/82"}],"wp:attachment":[{"href":"https:\/\/corpsus.folkeliggjort.no\/index.php\/wp-json\/wp\/v2\/media?parent=5"}],"curies":[{"name":"wp","href":"https:\/\/api.w.org\/{rel}","templated":true}]}}